{"id":808,"date":"2020-07-21T13:38:07","date_gmt":"2020-07-21T11:38:07","guid":{"rendered":"http:\/\/mconcept.lu\/mentions-legales\/"},"modified":"2020-11-17T10:03:44","modified_gmt":"2020-11-17T09:03:44","slug":"legal-notice","status":"publish","type":"page","link":"https:\/\/mconcept.lu\/en\/legal-notice\/","title":{"rendered":"Legal Notice"},"content":{"rendered":"<div class=\"wpb-content-wrapper\"><p>[vc_row][vc_column]<div id=\"ultimate-heading-876369ebaee56e3b7\" class=\"uvc-heading ult-adjust-bottom-margin ultimate-heading-876369ebaee56e3b7 uvc-489  uvc-heading-default-font-sizes\" data-hspacer=\"no_spacer\"  data-halign=\"left\" style=\"text-align:left\"><div class=\"uvc-heading-spacer no_spacer\" style=\"top\"><\/div><div class=\"uvc-main-heading ult-responsive\"  data-ultimate-target='.uvc-heading.ultimate-heading-876369ebaee56e3b7 h1'  data-responsive-json-new='{\"font-size\":\"\",\"line-height\":\"\"}' ><h1 style=\"--font-weight:theme;color:#752864;\">Legal Notice<\/h1><\/div><\/div>[vc_empty_space height=&#8221;20px&#8221;]<div id=\"ultimate-heading-605069ebaee56e4df\" class=\"uvc-heading ult-adjust-bottom-margin ultimate-heading-605069ebaee56e4df uvc-5373  uvc-heading-default-font-sizes\" data-hspacer=\"no_spacer\"  data-halign=\"left\" style=\"text-align:left\"><div class=\"uvc-heading-spacer no_spacer\" style=\"top\"><\/div><div class=\"uvc-main-heading ult-responsive\"  data-ultimate-target='.uvc-heading.ultimate-heading-605069ebaee56e4df h3'  data-responsive-json-new='{\"font-size\":\"\",\"line-height\":\"\"}' ><h3 style=\"--font-weight:theme;color:#752864;margin-bottom:10px;\">General Information<\/h3><\/div><\/div>[vc_row_inner][vc_column_inner width=&#8221;1\/2&#8243;][vc_column_text]Anyone using the information, documents, products, software and various services provided by this website is deemed to have acknowledged and agreed to all the terms and disclaimers of these General Terms and Conditions of Use.<\/p>\n<p>These General Terms and Conditions of Use may be amended or supplemented at any time, without notice, in light of changes made to this website, of developments in legislation or any other reason judged to be necessary.<br \/>\nIt is the user\u2019s responsibility to read this website\u2019s General Terms and Conditions of Use, for which only the updated version accessible online is deemed to be in force.<br \/>\nAlthough the Verk\u00e9iersverbond shall take all necessary measures to ensure that the information and data published on this website are correct, they are provided for information purposes. The Verk\u00e9iersverbond may not be held liable for inaccurate, incomplete or incorrect information, or even for false or manipulated information.<br \/>\n[\/vc_column_text][\/vc_column_inner][vc_column_inner width=&#8221;1\/2&#8243;][vc_column_text]The user accepts responsibility for any access to the website or use made of it. The Verk\u00e9iersverbond declines all liability for any direct or indirect losses that may be caused by use of the website, particularly in relation to a break or cessation of its operation, or a dysfunction of the site which may result in particular from a shutdown for maintenance or an upgrade of the Verk\u00e9iersverbond\u2019s computer systems, technical faults or network overloads, faults in telephone lines, errors, negligence or misdemeanours by suppliers, Internet services or a third party or a virus acquired via the Internet.<br \/>\n[\/vc_column_text][\/vc_column_inner][\/vc_row_inner]<div id=\"ultimate-heading-769169ebaee56e54b\" class=\"uvc-heading ult-adjust-bottom-margin ultimate-heading-769169ebaee56e54b uvc-5064  uvc-heading-default-font-sizes\" data-hspacer=\"no_spacer\"  data-halign=\"left\" style=\"text-align:left\"><div class=\"uvc-heading-spacer no_spacer\" style=\"top\"><\/div><div class=\"uvc-main-heading ult-responsive\"  data-ultimate-target='.uvc-heading.ultimate-heading-769169ebaee56e54b h3'  data-responsive-json-new='{\"font-size\":\"\",\"line-height\":\"\"}' ><h3 style=\"--font-weight:theme;color:#752864;margin-bottom:10px;\">Data Protection<\/h3><\/div><\/div>[vc_row_inner][vc_column_inner][vc_column_text]Personal data provided by the user will be processed in accordance with the Regulation (EU) 2016\/679 of the European Parliament and of the Council of 27 April 2016 on the protection of individuals with regard to the processing of personal data and the free movement of such data.<br \/>\n[\/vc_column_text][\/vc_column_inner][\/vc_row_inner][vc_row_inner][vc_column_inner width=&#8221;1\/2&#8243;]<div id=\"ultimate-heading-795869ebaee56e5bd\" class=\"uvc-heading ult-adjust-bottom-margin ultimate-heading-795869ebaee56e5bd uvc-7611  uvc-heading-default-font-sizes\" data-hspacer=\"no_spacer\"  data-halign=\"left\" style=\"text-align:left\"><div class=\"uvc-heading-spacer no_spacer\" style=\"top\"><\/div><div class=\"uvc-main-heading ult-responsive\"  data-ultimate-target='.uvc-heading.ultimate-heading-795869ebaee56e5bd h5'  data-responsive-json-new='{\"font-size\":\"\",\"line-height\":\"\"}' ><h5 style=\"--font-weight:theme;color:#752864;margin-bottom:10px;\">Session Cookies<\/h5><\/div><\/div>[vc_column_text]The Verk\u00e9iersverbond\u2019s website uses client-side cookies, which are small text files enabling information about the user\u2019s browsing to be analysed, thereby making the website easier to use and making its use more customized and enjoyable. These cookies are stored in a cookie directory on the user\u2019s computer. They contain the name of the server which wrote them, an identifier under a unique number and an expiry date. The unique identifier enables the website to recognize the user\u2019s computer on every visit. Once the user\u2019s session is ended, the session cookies are deleted from the user\u2019s computer.<br \/>\n[\/vc_column_text][vc_raw_html]JTNDdGFibGUlMjBjbGFzcyUzRCUyMmNvb2tpZXMtdGFibGUlMjIlM0UlMEElM0N0Ym9keSUzRSUwQSUzQ3RyJTNFJTBBJTNDdGQlM0VOT00lM0MlMkZ0ZCUzRSUwQSUzQ3RkJTNFRFVSJUMzJTg5RSUyMERFJTIwVklFJTNDJTJGdGQlM0UlMEElM0MlMkZ0ciUzRSUwQSUzQ3RyJTNFJTBBJTNDdGQlM0VhMTF5LWhpZ2gtY29udHJhc3QlM0MlMkZ0ZCUzRSUwQSUzQ3RkJTNFY29va2llJTIwZGUlMjBzZXNzaW9uJTJDJTIwZXhwaXJlJTIwJUMzJUEwJTIwbGElMjBmaW4lMjBkZSUyMGNoYXF1ZSUyMHNlc3Npb24lM0MlMkZ0ZCUzRSUwQSUzQyUyRnRyJTNFJTBBJTIwJTIwJTNDdHIlM0UlMEElM0N0ZCUzRWExMXktbGFyZ2VyLWZvbnRzaXplJTNDJTJGdGQlM0UlMEElM0N0ZCUzRWNvb2tpZSUyMGRlJTIwc2Vzc2lvbiUyQyUyMGV4cGlyZSUyMCVDMyVBMCUyMGxhJTIwZmluJTIwZGUlMjBjaGFxdWUlMjBzZXNzaW9uJTNDJTJGdGQlM0UlMEElM0MlMkZ0ciUzRSUwQSUzQyUyRnRib2R5JTNFJTBBJTNDJTJGdGFibGUlM0U=[\/vc_raw_html]<div id=\"ultimate-heading-843569ebaee56e643\" class=\"uvc-heading ult-adjust-bottom-margin ultimate-heading-843569ebaee56e643 uvc-8705  uvc-heading-default-font-sizes\" data-hspacer=\"no_spacer\"  data-halign=\"left\" style=\"text-align:left\"><div class=\"uvc-heading-spacer no_spacer\" style=\"top\"><\/div><div class=\"uvc-main-heading ult-responsive\"  data-ultimate-target='.uvc-heading.ultimate-heading-843569ebaee56e643 h5'  data-responsive-json-new='{\"font-size\":\"\",\"line-height\":\"\"}' ><h5 style=\"--font-weight:theme;color:#752864;margin-bottom:10px;\">Third-Party Cookies<\/h5><\/div><\/div>[vc_column_text]The Verk\u00e9iersverbond uses Google Analytics, a statistical analysis tool that collects information about how visitors use the website. These cookies collect information under a pseudonym (as a unique number), including statistics about the number of visitors to the website, where visitors come from and which pages they have looked at. The Verk\u00e9iersverbond uses this information to improve the website. The cookies generated by Google Analytics are:[\/vc_column_text][vc_raw_html]JTNDdGFibGUlMjBjbGFzcyUzRCUyMmNvb2tpZXMtdGFibGUlMjIlM0UlMEElM0N0Ym9keSUzRSUwQSUzQ3RyJTNFJTBBJTNDdGQlM0VOT00lM0MlMkZ0ZCUzRSUwQSUzQ3RkJTNFRFVSJTI2RWFjdXRlJTNCRSUyMERFJTIwVklFJTNDJTJGdGQlM0UlMEElM0MlMkZ0ciUzRSUwQSUzQ3RyJTNFJTBBJTNDdGQlM0VnYSUzQyUyRnRkJTNFJTBBJTNDdGQlM0UyJTIwYW5zJTNDJTJGdGQlM0UlMEElM0MlMkZ0ciUzRSUwQSUzQ3RyJTNFJTBBJTNDdGQlM0VfZ2F0JTNDJTJGdGQlM0UlMEElM0N0ZCUzRTElMjBtaW51dGUlM0MlMkZ0ZCUzRSUwQSUzQyUyRnRyJTNFJTBBJTNDdHIlM0UlMEElM0N0ZCUzRV9naWQlM0MlMkZ0ZCUzRSUwQSUzQ3RkJTNFMjQlMjBoZXVyZXMlM0MlMkZ0ZCUzRSUwQSUzQyUyRnRyJTNFJTBBJTNDdHIlM0UlMEElM0N0ZCUzRV9nYWRzJTNDJTJGdGQlM0UlMEElM0N0ZCUzRWR1ciVDMyVBOWUlMjB2YXJpYWJsZSUyMG1haXMlMjBsaW1pdCVDMyVBOWUlM0MlMkZ0ZCUzRSUwQSUzQyUyRnRyJTNFJTBBJTNDJTJGdGJvZHklM0UlMEElM0MlMkZ0YWJsZSUzRQ==[\/vc_raw_html][\/vc_column_inner][vc_column_inner width=&#8221;1\/2&#8243;]<div id=\"ultimate-heading-965369ebaee56e6c6\" class=\"uvc-heading ult-adjust-bottom-margin ultimate-heading-965369ebaee56e6c6 uvc-1188  uvc-heading-default-font-sizes\" data-hspacer=\"no_spacer\"  data-halign=\"left\" style=\"text-align:left\"><div class=\"uvc-heading-spacer no_spacer\" style=\"top\"><\/div><div class=\"uvc-main-heading ult-responsive\"  data-ultimate-target='.uvc-heading.ultimate-heading-965369ebaee56e6c6 h5'  data-responsive-json-new='{\"font-size\":\"\",\"line-height\":\"\"}' ><h5 style=\"--font-weight:theme;color:#752864;margin-bottom:10px;\">Cookies Management<\/h5><\/div><\/div>[vc_column_text]When users go on the website a pop-up banner appears requiring users to accept all the aforementioned cookies. Should the user subsequently decline these cookies, certain sections of the website will not function as they are meant to or they may not function at all.[\/vc_column_text][vc_raw_html]JTNDdGFibGUlMjBjbGFzcyUzRCUyMmNvb2tpZXMtdGFibGUlMjIlM0UlMEElM0N0Ym9keSUzRSUwQSUzQ3RyJTNFJTBBJTNDdGQlM0VOT00lM0MlMkZ0ZCUzRSUwQSUzQ3RkJTNFRFVSJTI2RWFjdXRlJTNCRSUyMERFJTIwVklFJTNDJTJGdGQlM0UlMEElM0MlMkZ0ciUzRSUwQSUzQ3RyJTNFJTBBJTNDdGQlM0V2aWV3ZWRfY29va2llX3BvbGljeSUzQyUyRnRkJTNFJTBBJTNDdGQlM0UxJTIwYW4lMkMlMjByZXRpZW50JTIwbGUlMjBjaG9peCUyMGRlJTIwbCVFMiU4MCU5OXV0aWxpc2F0ZXVyJTIwZXQlMjBwZXJtZXQlMjBkZSUyMG5lJTIwcGFzJTIwbHVpJTIwciVDMyVBOWFmZmljaGVyJTIwbGElMjBiYW5uZXIlMjBxdSVFMiU4MCU5OWlsJTIwYSUyMGQlQzMlQTlqJUMzJUEwJTIwYWNjZXB0JUMzJUE5JTNDJTJGdGQlM0UlMEElM0MlMkZ0ciUzRSUwQSUzQyUyRnRib2R5JTNFJTBBJTNDJTJGdGFibGUlM0U=[\/vc_raw_html]<div id=\"ultimate-heading-366469ebaee56e717\" class=\"uvc-heading ult-adjust-bottom-margin ultimate-heading-366469ebaee56e717 uvc-9395  uvc-heading-default-font-sizes\" data-hspacer=\"no_spacer\"  data-halign=\"left\" style=\"text-align:left\"><div class=\"uvc-heading-spacer no_spacer\" style=\"top\"><\/div><div class=\"uvc-main-heading ult-responsive\"  data-ultimate-target='.uvc-heading.ultimate-heading-366469ebaee56e717 h5'  data-responsive-json-new='{\"font-size\":\"\",\"line-height\":\"\"}' ><h5 style=\"--font-weight:theme;color:#752864;margin-bottom:10px;\">Website Contact Form<\/h5><\/div><\/div>[vc_column_text]The information collected via the website\u2019s contact form is processed by the Verk\u00e9iersverbond in order to deal successfully with the user\u2019s request.<\/p>\n<p>By filling in the form, the user accepts that their personal data will be processed to deal with their request. The Verk\u00e9iersverbond retains this information for as long as is necessary for the processing to take place.<br \/>\n[\/vc_column_text][\/vc_column_inner][\/vc_row_inner]<div id=\"ultimate-heading-590669ebaee56e792\" class=\"uvc-heading ult-adjust-bottom-margin ultimate-heading-590669ebaee56e792 uvc-4122  uvc-heading-default-font-sizes\" data-hspacer=\"no_spacer\"  data-halign=\"left\" style=\"text-align:left\"><div class=\"uvc-heading-spacer no_spacer\" style=\"top\"><\/div><div class=\"uvc-main-heading ult-responsive\"  data-ultimate-target='.uvc-heading.ultimate-heading-590669ebaee56e792 h3'  data-responsive-json-new='{\"font-size\":\"\",\"line-height\":\"\"}' ><h3 style=\"--font-weight:theme;color:#752864;margin-bottom:10px;\">Changes to the Website<\/h3><\/div><\/div>[vc_row_inner][vc_column_inner width=&#8221;1\/2&#8243;][vc_column_text]The Verk\u00e9iersverbond reserves the right to develop, alter or suspend this website, without notice for maintenance purposes, updating or any other reason deemed necessary.[\/vc_column_text][\/vc_column_inner][vc_column_inner width=&#8221;1\/2&#8243;][vc_column_text]In particular, the Verk\u00e9iersverbond may at any time remove, add, supplement or clarify any or all of the information and services provided or displayed on the website.[\/vc_column_text][\/vc_column_inner][\/vc_row_inner]<div id=\"ultimate-heading-302269ebaee56e836\" class=\"uvc-heading ult-adjust-bottom-margin ultimate-heading-302269ebaee56e836 uvc-2028  uvc-heading-default-font-sizes\" data-hspacer=\"no_spacer\"  data-halign=\"left\" style=\"text-align:left\"><div class=\"uvc-heading-spacer no_spacer\" style=\"top\"><\/div><div class=\"uvc-main-heading ult-responsive\"  data-ultimate-target='.uvc-heading.ultimate-heading-302269ebaee56e836 h3'  data-responsive-json-new='{\"font-size\":\"\",\"line-height\":\"\"}' ><h3 style=\"--font-weight:theme;color:#752864;margin-bottom:10px;\">Hyperlinks and Connected Websites<\/h3><\/div><\/div>[vc_row_inner][vc_column_inner width=&#8221;1\/2&#8243;][vc_column_text]For the convenience of its users, this website may contain links to other websites which may be of use or interest to users. The Verk\u00e9iersverbond does not systematically monitor the content of these websites.[\/vc_column_text][\/vc_column_inner][vc_column_inner width=&#8221;1\/2&#8243;][vc_column_text]It cannot therefore be held liable for the content shown on these websites, whether with regard to the legality or the accuracy of the information found there.[\/vc_column_text][\/vc_column_inner][\/vc_row_inner]<div id=\"ultimate-heading-895969ebaee56e8bb\" class=\"uvc-heading ult-adjust-bottom-margin ultimate-heading-895969ebaee56e8bb uvc-2686  uvc-heading-default-font-sizes\" data-hspacer=\"no_spacer\"  data-halign=\"left\" style=\"text-align:left\"><div class=\"uvc-heading-spacer no_spacer\" style=\"top\"><\/div><div class=\"uvc-main-heading ult-responsive\"  data-ultimate-target='.uvc-heading.ultimate-heading-895969ebaee56e8bb h3'  data-responsive-json-new='{\"font-size\":\"\",\"line-height\":\"\"}' ><h3 style=\"--font-weight:theme;color:#752864;margin-bottom:10px;\">Intellectual Property (Copyright)<\/h3><\/div><\/div>[vc_row_inner][vc_column_inner width=&#8221;1\/2&#8243;][vc_column_text]This website, all its elements (including the page layout) and also its information are protected by intellectual property and copyright legislation.<\/p>\n<p>Unless otherwise stated, the Verk\u00e9iersverbond grants no license or authorisation concerning the copyright it has for this website and its elements. Unless otherwise stated, the user is authorised to view, download and print the documents and information available on the following conditions:<\/p>\n<ul>\n<li>the documents and information may not be changed in any way whatsoever;<\/li>\n<li>the document and information may not be disseminated beyond this website.<\/li>\n<\/ul>\n<p>[\/vc_column_text][\/vc_column_inner][vc_column_inner width=&#8221;1\/2&#8243;][vc_column_text]The rights you have been accorded above, implicitly or explicitly, represent authorisation for use and under no circumstances a transfer of rights, property or other relating to any part of this website.<br \/>\n[\/vc_column_text][\/vc_column_inner][\/vc_row_inner]<div id=\"ultimate-heading-726769ebaee56e917\" class=\"uvc-heading ult-adjust-bottom-margin ultimate-heading-726769ebaee56e917 uvc-9520  uvc-heading-default-font-sizes\" data-hspacer=\"no_spacer\"  data-halign=\"left\" style=\"text-align:left\"><div class=\"uvc-heading-spacer no_spacer\" style=\"top\"><\/div><div class=\"uvc-main-heading ult-responsive\"  data-ultimate-target='.uvc-heading.ultimate-heading-726769ebaee56e917 h3'  data-responsive-json-new='{\"font-size\":\"\",\"line-height\":\"\"}' ><h3 style=\"--font-weight:theme;color:#752864;margin-bottom:10px;\">Applicable Law<\/h3><\/div><\/div>[vc_column_text]Any dispute involving the use of this website and its services shall be subject to Luxembourg law and the exclusive competence of the jurisdictions of the Grand Duchy of Luxembourg.<br \/>\n[\/vc_column_text]<div id=\"ultimate-heading-852369ebaee56e962\" class=\"uvc-heading ult-adjust-bottom-margin ultimate-heading-852369ebaee56e962 uvc-6767  uvc-heading-default-font-sizes\" data-hspacer=\"no_spacer\"  data-halign=\"left\" style=\"text-align:left\"><div class=\"uvc-heading-spacer no_spacer\" style=\"top\"><\/div><div class=\"uvc-main-heading ult-responsive\"  data-ultimate-target='.uvc-heading.ultimate-heading-852369ebaee56e962 h3'  data-responsive-json-new='{\"font-size\":\"\",\"line-height\":\"\"}' ><h3 style=\"--font-weight:theme;color:#752864;margin-bottom:10px;\">User Rights<\/h3><\/div><\/div>[vc_row_inner][vc_column_inner width=&#8221;1\/2&#8243;][vc_column_text]In accordance with the European Regulation (EU) 2016\/679 (GDPR), with regard to the processing of personal data, as the data subject the user has rights and to exercise these rights must write to the person in charge of data protection rights:<\/p>\n<p><a href=\"mailto:dpo@verkeiersverbond.lu\">dpo@verkeiersverbond.lu<\/a><br \/>\nD\u00e9l\u00e9gu\u00e9 \u00e0 la protection des donn\u00e9es<br \/>\nB.P. 640 L-2016 Luxembourg<\/p>\n<p>The user has the right:<\/p>\n<ul>\n<li>to be informed about and access their personal data<\/li>\n<li>to rectify and delete their personal data<\/li>\n<\/ul>\n<p>[\/vc_column_text][\/vc_column_inner][vc_column_inner width=&#8221;1\/2&#8243;][vc_column_text]<\/p>\n<ul>\n<li>to object to direct marketing practices<\/li>\n<li>to object to automated decision making and profiling<\/li>\n<li>to free movement of their personal data<\/li>\n<li>to rectify, delete, restrict, oppose and omit this personal data<\/li>\n<li>to revoke their consent for their personal data to be processed<\/li>\n<li>to lodge a complaint\/claim with the authority for regulation and control, the Luxembourg National Data Protection Commission (C.N.P.D).<\/li>\n<\/ul>\n<p>[\/vc_column_text][\/vc_column_inner][\/vc_row_inner][vc_separator color=&#8221;custom&#8221; accent_color=&#8221;#752864&#8243;][\/vc_column][\/vc_row]<\/p>\n<\/div>","protected":false},"excerpt":{"rendered":"<p>[vc_row][vc_column][vc_empty_space height=&#8221;20px&#8221;][vc_row_inner][vc_column_inner width=&#8221;1\/2&#8243;][vc_column_text]Anyone using the information, documents, products, software and various services provided by this website is deemed to have acknowledged and agreed to all the terms and disclaimers of these General Terms and Conditions of Use. These General Terms and Conditions of Use may be amended or supplemented at any time, without notice, in&hellip;<\/p>\n","protected":false},"author":1,"featured_media":0,"parent":0,"menu_order":0,"comment_status":"closed","ping_status":"closed","template":"template-page-mconcept.php","meta":{"_acf_changed":false,"inline_featured_image":false,"footnotes":""},"class_list":["post-808","page","type-page","status-publish","hentry","description-off"],"acf":[],"yoast_head":"<!-- This site is optimized with the Yoast SEO plugin v27.0 - https:\/\/yoast.com\/product\/yoast-seo-wordpress\/ -->\n<title>Legal Notice - mConcept<\/title>\n<meta name=\"robots\" content=\"index, follow, max-snippet:-1, max-image-preview:large, max-video-preview:-1\" \/>\n<link rel=\"canonical\" href=\"https:\/\/mconcept.lu\/en\/legal-notice\/\" \/>\n<meta property=\"og:locale\" content=\"en_US\" \/>\n<meta property=\"og:type\" content=\"article\" \/>\n<meta property=\"og:title\" content=\"Legal Notice - mConcept\" \/>\n<meta property=\"og:description\" content=\"[vc_row][vc_column][vc_empty_space height=&#8221;20px&#8221;][vc_row_inner][vc_column_inner width=&#8221;1\/2&#8243;][vc_column_text]Anyone using the information, documents, products, software and various services provided by this website is deemed to have acknowledged and agreed to all the terms and disclaimers of these General Terms and Conditions of Use. These General Terms and Conditions of Use may be amended or supplemented at any time, without notice, in&hellip;\" \/>\n<meta property=\"og:url\" content=\"https:\/\/mconcept.lu\/en\/legal-notice\/\" \/>\n<meta property=\"og:site_name\" content=\"mConcept\" \/>\n<meta property=\"article:modified_time\" content=\"2020-11-17T09:03:44+00:00\" \/>\n<meta name=\"twitter:card\" content=\"summary_large_image\" \/>\n<meta name=\"twitter:label1\" content=\"Est. reading time\" \/>\n\t<meta name=\"twitter:data1\" content=\"9 minutes\" \/>\n<script type=\"application\/ld+json\" class=\"yoast-schema-graph\">{\"@context\":\"https:\/\/schema.org\",\"@graph\":[{\"@type\":\"WebPage\",\"@id\":\"https:\/\/mconcept.lu\/en\/legal-notice\/\",\"url\":\"https:\/\/mconcept.lu\/en\/legal-notice\/\",\"name\":\"Legal Notice - mConcept\",\"isPartOf\":{\"@id\":\"https:\/\/mconcept.lu\/en\/#website\"},\"datePublished\":\"2020-07-21T11:38:07+00:00\",\"dateModified\":\"2020-11-17T09:03:44+00:00\",\"breadcrumb\":{\"@id\":\"https:\/\/mconcept.lu\/en\/legal-notice\/#breadcrumb\"},\"inLanguage\":\"en-US\",\"potentialAction\":[{\"@type\":\"ReadAction\",\"target\":[\"https:\/\/mconcept.lu\/en\/legal-notice\/\"]}]},{\"@type\":\"BreadcrumbList\",\"@id\":\"https:\/\/mconcept.lu\/en\/legal-notice\/#breadcrumb\",\"itemListElement\":[{\"@type\":\"ListItem\",\"position\":1,\"name\":\"Home\",\"item\":\"https:\/\/mconcept.lu\/en\/\"},{\"@type\":\"ListItem\",\"position\":2,\"name\":\"Legal Notice\"}]},{\"@type\":\"WebSite\",\"@id\":\"https:\/\/mconcept.lu\/en\/#website\",\"url\":\"https:\/\/mconcept.lu\/en\/\",\"name\":\"mConcept\",\"description\":\"Am\u00e9liorez les trajets de vos employ\u00e9s et r\u00e9coltez-en les fruits !\",\"potentialAction\":[{\"@type\":\"SearchAction\",\"target\":{\"@type\":\"EntryPoint\",\"urlTemplate\":\"https:\/\/mconcept.lu\/en\/?s={search_term_string}\"},\"query-input\":{\"@type\":\"PropertyValueSpecification\",\"valueRequired\":true,\"valueName\":\"search_term_string\"}}],\"inLanguage\":\"en-US\"}]}<\/script>\n<!-- \/ Yoast SEO plugin. -->","yoast_head_json":{"title":"Legal Notice - mConcept","robots":{"index":"index","follow":"follow","max-snippet":"max-snippet:-1","max-image-preview":"max-image-preview:large","max-video-preview":"max-video-preview:-1"},"canonical":"https:\/\/mconcept.lu\/en\/legal-notice\/","og_locale":"en_US","og_type":"article","og_title":"Legal Notice - mConcept","og_description":"[vc_row][vc_column][vc_empty_space height=&#8221;20px&#8221;][vc_row_inner][vc_column_inner width=&#8221;1\/2&#8243;][vc_column_text]Anyone using the information, documents, products, software and various services provided by this website is deemed to have acknowledged and agreed to all the terms and disclaimers of these General Terms and Conditions of Use. These General Terms and Conditions of Use may be amended or supplemented at any time, without notice, in&hellip;","og_url":"https:\/\/mconcept.lu\/en\/legal-notice\/","og_site_name":"mConcept","article_modified_time":"2020-11-17T09:03:44+00:00","twitter_card":"summary_large_image","twitter_misc":{"Est. reading time":"9 minutes"},"schema":{"@context":"https:\/\/schema.org","@graph":[{"@type":"WebPage","@id":"https:\/\/mconcept.lu\/en\/legal-notice\/","url":"https:\/\/mconcept.lu\/en\/legal-notice\/","name":"Legal Notice - mConcept","isPartOf":{"@id":"https:\/\/mconcept.lu\/en\/#website"},"datePublished":"2020-07-21T11:38:07+00:00","dateModified":"2020-11-17T09:03:44+00:00","breadcrumb":{"@id":"https:\/\/mconcept.lu\/en\/legal-notice\/#breadcrumb"},"inLanguage":"en-US","potentialAction":[{"@type":"ReadAction","target":["https:\/\/mconcept.lu\/en\/legal-notice\/"]}]},{"@type":"BreadcrumbList","@id":"https:\/\/mconcept.lu\/en\/legal-notice\/#breadcrumb","itemListElement":[{"@type":"ListItem","position":1,"name":"Home","item":"https:\/\/mconcept.lu\/en\/"},{"@type":"ListItem","position":2,"name":"Legal Notice"}]},{"@type":"WebSite","@id":"https:\/\/mconcept.lu\/en\/#website","url":"https:\/\/mconcept.lu\/en\/","name":"mConcept","description":"Am\u00e9liorez les trajets de vos employ\u00e9s et r\u00e9coltez-en les fruits !","potentialAction":[{"@type":"SearchAction","target":{"@type":"EntryPoint","urlTemplate":"https:\/\/mconcept.lu\/en\/?s={search_term_string}"},"query-input":{"@type":"PropertyValueSpecification","valueRequired":true,"valueName":"search_term_string"}}],"inLanguage":"en-US"}]}},"_links":{"self":[{"href":"https:\/\/mconcept.lu\/en\/wp-json\/wp\/v2\/pages\/808","targetHints":{"allow":["GET"]}}],"collection":[{"href":"https:\/\/mconcept.lu\/en\/wp-json\/wp\/v2\/pages"}],"about":[{"href":"https:\/\/mconcept.lu\/en\/wp-json\/wp\/v2\/types\/page"}],"author":[{"embeddable":true,"href":"https:\/\/mconcept.lu\/en\/wp-json\/wp\/v2\/users\/1"}],"replies":[{"embeddable":true,"href":"https:\/\/mconcept.lu\/en\/wp-json\/wp\/v2\/comments?post=808"}],"version-history":[{"count":4,"href":"https:\/\/mconcept.lu\/en\/wp-json\/wp\/v2\/pages\/808\/revisions"}],"predecessor-version":[{"id":879,"href":"https:\/\/mconcept.lu\/en\/wp-json\/wp\/v2\/pages\/808\/revisions\/879"}],"wp:attachment":[{"href":"https:\/\/mconcept.lu\/en\/wp-json\/wp\/v2\/media?parent=808"}],"curies":[{"name":"wp","href":"https:\/\/api.w.org\/{rel}","templated":true}]}}