{"id":809,"date":"2020-07-21T13:38:07","date_gmt":"2020-07-21T11:38:07","guid":{"rendered":"http:\/\/mconcept.lu\/mentions-legales\/"},"modified":"2020-11-17T10:04:02","modified_gmt":"2020-11-17T09:04:02","slug":"rechtliche-hinweise","status":"publish","type":"page","link":"https:\/\/mconcept.lu\/de\/rechtliche-hinweise\/","title":{"rendered":"Rechtliche Hinweise"},"content":{"rendered":"<div class=\"wpb-content-wrapper\"><p>[vc_row][vc_column]<div id=\"ultimate-heading-202969ea235eeb4e5\" class=\"uvc-heading ult-adjust-bottom-margin ultimate-heading-202969ea235eeb4e5 uvc-4478  uvc-heading-default-font-sizes\" data-hspacer=\"no_spacer\"  data-halign=\"left\" style=\"text-align:left\"><div class=\"uvc-heading-spacer no_spacer\" style=\"top\"><\/div><div class=\"uvc-main-heading ult-responsive\"  data-ultimate-target='.uvc-heading.ultimate-heading-202969ea235eeb4e5 h1'  data-responsive-json-new='{\"font-size\":\"\",\"line-height\":\"\"}' ><h1 style=\"--font-weight:theme;color:#752864;\">Rechtliche Hinweise<\/h1><\/div><\/div>[vc_empty_space height=&#8220;20px&#8220;]<div id=\"ultimate-heading-155169ea235eeb585\" class=\"uvc-heading ult-adjust-bottom-margin ultimate-heading-155169ea235eeb585 uvc-3116  uvc-heading-default-font-sizes\" data-hspacer=\"no_spacer\"  data-halign=\"left\" style=\"text-align:left\"><div class=\"uvc-heading-spacer no_spacer\" style=\"top\"><\/div><div class=\"uvc-main-heading ult-responsive\"  data-ultimate-target='.uvc-heading.ultimate-heading-155169ea235eeb585 h3'  data-responsive-json-new='{\"font-size\":\"\",\"line-height\":\"\"}' ><h3 style=\"--font-weight:theme;color:#752864;margin-bottom:10px;\">Allgemeines<\/h3><\/div><\/div>[vc_row_inner][vc_column_inner width=&#8220;1\/2&#8243;][vc_column_text]Es gilt, dass jede Person, die die Informationen, Dokumente, Produkte, Programme und verschiedenen Dienste, die auf dieser Seite bereitgestellt werden, nutzt, alle Bedingungen und Hinweise dieser allgemeinen Nutzungsbedingungen zur Kenntnis genommen und ihnen zugestimmt hat.<\/p>\n<p>Diese allgemeinen Nutzungsbedingungen k\u00f6nnen entsprechend den \u00c4nderungen an dieser Seite, der Entwicklung der Gesetzgebung oder aus jedem anderen f\u00fcr notwendig erachteten Grund ohne vorherige Mitteilung jederzeit ge\u00e4ndert oder erg\u00e4nzt werden. Es obliegt dem Nutzer, sich \u00fcber die allgemeinen Nutzungsbedingungen dieser Seite zu informieren, wobei ausschlie\u00dflich die online verf\u00fcgbare aktualisierte Version gilt.<\/p>\n<p>Der Verk\u00e9iersverbond unternimmt alle notwendigen Ma\u00dfnahmen, um die Richtigkeit der auf dieser Seite ver\u00f6ffentlichten Informationen und Daten sicherzustellen. Dennoch sind diese unverbindlich.<span class=\"Apple-converted-space\">\u00a0<\/span><\/p>\n<p>Der Verk\u00e9iersverbond kann nicht haftbar gemacht werden f\u00fcr ungenaue, unvollst\u00e4ndige oder fehlerhafte Informationen oder f\u00fcr Informationen, die gef\u00e4lscht oder manipuliert wurden.[\/vc_column_text][\/vc_column_inner][vc_column_inner width=&#8220;1\/2&#8243;][vc_column_text]Der Nutzer erkl\u00e4rt sich damit einverstanden, dass jeder Zugriff auf die Seite beziehungsweise jede Benutzung in eigener Verantwortung erfolgt. Der Verk\u00e9iersverbond haftet nicht f\u00fcr direkte oder indirekte Sch\u00e4den, die durch die Nutzung der Seite verursacht werden k\u00f6nnen, insbesondere im Zusammenhang mit der Unterbrechung, dem Ausfall oder der St\u00f6rung der Seite, die insbesondere durch wartungsbedingte Ausf\u00e4lle oder die Instandsetzung des EDV-Systems des Verk\u00e9iersverbond, technische Pannen oder Netz\u00fcberlastungen, Unterbrechungen der Telefonverbindungen, Versehen, Nachl\u00e4ssigkeiten oder Fehler von Anbietern, Internetdiensten oder Dritten oder einen Virus aus dem Internet entstehen k\u00f6nnten.[\/vc_column_text][\/vc_column_inner][\/vc_row_inner]<div id=\"ultimate-heading-172369ea235eeb5ff\" class=\"uvc-heading ult-adjust-bottom-margin ultimate-heading-172369ea235eeb5ff uvc-6226  uvc-heading-default-font-sizes\" data-hspacer=\"no_spacer\"  data-halign=\"left\" style=\"text-align:left\"><div class=\"uvc-heading-spacer no_spacer\" style=\"top\"><\/div><div class=\"uvc-main-heading ult-responsive\"  data-ultimate-target='.uvc-heading.ultimate-heading-172369ea235eeb5ff h3'  data-responsive-json-new='{\"font-size\":\"\",\"line-height\":\"\"}' ><h3 style=\"--font-weight:theme;color:#752864;margin-bottom:10px;\">Datenschutz<\/h3><\/div><\/div>[vc_row_inner][vc_column_inner][vc_column_text]Die vom Nutzer mitgeteilten personenbezogenen Daten werden gem\u00e4\u00df den Bestimmungen der Verordnung\u00a0(EU)\u00a02016\/679 des Europ\u00e4ischen Parlaments und des Rates vom 27.\u00a0April 2016 zum Schutz nat\u00fcrlicher Personen bei der Verarbeitung personenbezogener Daten und zum freien Datenverkehr verarbeitet.[\/vc_column_text][\/vc_column_inner][\/vc_row_inner][vc_row_inner][vc_column_inner width=&#8220;1\/2&#8243;]<div id=\"ultimate-heading-271769ea235eeb655\" class=\"uvc-heading ult-adjust-bottom-margin ultimate-heading-271769ea235eeb655 uvc-8811  uvc-heading-default-font-sizes\" data-hspacer=\"no_spacer\"  data-halign=\"left\" style=\"text-align:left\"><div class=\"uvc-heading-spacer no_spacer\" style=\"top\"><\/div><div class=\"uvc-main-heading ult-responsive\"  data-ultimate-target='.uvc-heading.ultimate-heading-271769ea235eeb655 h5'  data-responsive-json-new='{\"font-size\":\"\",\"line-height\":\"\"}' ><h5 style=\"--font-weight:theme;color:#752864;margin-bottom:10px;\">Sitzungscookies<\/h5><\/div><\/div>[vc_column_text]Die Seite des Verk\u00e9iersverbond verwendet kundenspezifische Cookies, kleine Textdateien, die es erm\u00f6glichen, die Informationen \u00fcber die Navigation des Nutzers zu analysieren, die Funktionsweise der Internetseite zu vereinfachen und ihre Nutzung angenehmer und individueller zu gestalten. Sie werden von der Seite in einem daf\u00fcr vorgesehenen Verzeichnis auf dem Computer des Nutzers abgelegt. Sie umfassen insbesondere den Namen des Servers, der sie geschrieben hat, eine Kennung in Form einer eindeutigen Nummer und ein Ablaufdatum.<\/p>\n<p>Die eindeutige Kennung erm\u00f6glicht es der Seite, den Computer des Nutzers bei jedem Besuch wiederzuerkennen. Die Sitzungscookies werden vom Computer des Nutzers gel\u00f6scht, wenn seine Sitzung geschlossen wird.[\/vc_column_text][vc_raw_html]JTNDdGFibGUlMjBjbGFzcyUzRCUyMmNvb2tpZXMtdGFibGUlMjIlM0UlMEElM0N0Ym9keSUzRSUwQSUzQ3RyJTNFJTBBJTNDdGQlM0VOT00lM0MlMkZ0ZCUzRSUwQSUzQ3RkJTNFRFVSJUMzJTg5RSUyMERFJTIwVklFJTNDJTJGdGQlM0UlMEElM0MlMkZ0ciUzRSUwQSUzQ3RyJTNFJTBBJTNDdGQlM0VhMTF5LWhpZ2gtY29udHJhc3QlM0MlMkZ0ZCUzRSUwQSUzQ3RkJTNFY29va2llJTIwZGUlMjBzZXNzaW9uJTJDJTIwZXhwaXJlJTIwJUMzJUEwJTIwbGElMjBmaW4lMjBkZSUyMGNoYXF1ZSUyMHNlc3Npb24lM0MlMkZ0ZCUzRSUwQSUzQyUyRnRyJTNFJTBBJTIwJTIwJTNDdHIlM0UlMEElM0N0ZCUzRWExMXktbGFyZ2VyLWZvbnRzaXplJTNDJTJGdGQlM0UlMEElM0N0ZCUzRWNvb2tpZSUyMGRlJTIwc2Vzc2lvbiUyQyUyMGV4cGlyZSUyMCVDMyVBMCUyMGxhJTIwZmluJTIwZGUlMjBjaGFxdWUlMjBzZXNzaW9uJTNDJTJGdGQlM0UlMEElM0MlMkZ0ciUzRSUwQSUzQyUyRnRib2R5JTNFJTBBJTNDJTJGdGFibGUlM0U=[\/vc_raw_html]<div id=\"ultimate-heading-999169ea235eeb6a6\" class=\"uvc-heading ult-adjust-bottom-margin ultimate-heading-999169ea235eeb6a6 uvc-4414  uvc-heading-default-font-sizes\" data-hspacer=\"no_spacer\"  data-halign=\"left\" style=\"text-align:left\"><div class=\"uvc-heading-spacer no_spacer\" style=\"top\"><\/div><div class=\"uvc-main-heading ult-responsive\"  data-ultimate-target='.uvc-heading.ultimate-heading-999169ea235eeb6a6 h5'  data-responsive-json-new='{\"font-size\":\"\",\"line-height\":\"\"}' ><h5 style=\"--font-weight:theme;color:#752864;margin-bottom:10px;\">Cookies Dritter<\/h5><\/div><\/div>[vc_column_text]Der Verk\u00e9iersverbond nutzt das Statistik-Tool Google Analytics, um Informationen dar\u00fcber zu sammeln, wie die Besucher die Internetseite nutzen. Die Cookies sammeln Informationen pseudonym (in Form einer eindeutigen Nummer), einschlie\u00dflich der Informationen zur Anzahl der Besucher auf der Seite, zur Herkunft der Besucher und zu den von ihnen besuchten Seiten. Der Verk\u00e9iersverbond nutzt diese Informationen zur Verbesserung der Seite. Die von Google Analytics generierten Cookies:[\/vc_column_text][vc_raw_html]JTNDdGFibGUlMjBjbGFzcyUzRCUyMmNvb2tpZXMtdGFibGUlMjIlM0UlMEElM0N0Ym9keSUzRSUwQSUzQ3RyJTNFJTBBJTNDdGQlM0VOT00lM0MlMkZ0ZCUzRSUwQSUzQ3RkJTNFRFVSJTI2RWFjdXRlJTNCRSUyMERFJTIwVklFJTNDJTJGdGQlM0UlMEElM0MlMkZ0ciUzRSUwQSUzQ3RyJTNFJTBBJTNDdGQlM0VnYSUzQyUyRnRkJTNFJTBBJTNDdGQlM0UyJTIwYW5zJTNDJTJGdGQlM0UlMEElM0MlMkZ0ciUzRSUwQSUzQ3RyJTNFJTBBJTNDdGQlM0VfZ2F0JTNDJTJGdGQlM0UlMEElM0N0ZCUzRTElMjBtaW51dGUlM0MlMkZ0ZCUzRSUwQSUzQyUyRnRyJTNFJTBBJTNDdHIlM0UlMEElM0N0ZCUzRV9naWQlM0MlMkZ0ZCUzRSUwQSUzQ3RkJTNFMjQlMjBoZXVyZXMlM0MlMkZ0ZCUzRSUwQSUzQyUyRnRyJTNFJTBBJTNDdHIlM0UlMEElM0N0ZCUzRV9nYWRzJTNDJTJGdGQlM0UlMEElM0N0ZCUzRWR1ciVDMyVBOWUlMjB2YXJpYWJsZSUyMG1haXMlMjBsaW1pdCVDMyVBOWUlM0MlMkZ0ZCUzRSUwQSUzQyUyRnRyJTNFJTBBJTNDJTJGdGJvZHklM0UlMEElM0MlMkZ0YWJsZSUzRQ==[\/vc_raw_html][\/vc_column_inner][vc_column_inner width=&#8220;1\/2&#8243;]<div id=\"ultimate-heading-625569ea235eeb6f6\" class=\"uvc-heading ult-adjust-bottom-margin ultimate-heading-625569ea235eeb6f6 uvc-6779  uvc-heading-default-font-sizes\" data-hspacer=\"no_spacer\"  data-halign=\"left\" style=\"text-align:left\"><div class=\"uvc-heading-spacer no_spacer\" style=\"top\"><\/div><div class=\"uvc-main-heading ult-responsive\"  data-ultimate-target='.uvc-heading.ultimate-heading-625569ea235eeb6f6 h5'  data-responsive-json-new='{\"font-size\":\"\",\"line-height\":\"\"}' ><h5 style=\"--font-weight:theme;color:#752864;margin-bottom:10px;\">Verwaltung von Cookies<\/h5><\/div><\/div>[vc_column_text]Mit der Pop-up-Anzeige, die zu Beginn der Nutzung der Seite erscheint, wird der Nutzer gebeten, der Nutzung der vorstehend genannten Cookies zuzustimmen. Wenn der Nutzer diese Cookies dann ablehnt, funktionieren bestimmte Bereiche der Internetseite nicht wie vorgesehen oder gar nicht.[\/vc_column_text][vc_raw_html]JTNDdGFibGUlMjBjbGFzcyUzRCUyMmNvb2tpZXMtdGFibGUlMjIlM0UlMEElM0N0Ym9keSUzRSUwQSUzQ3RyJTNFJTBBJTNDdGQlM0VOT00lM0MlMkZ0ZCUzRSUwQSUzQ3RkJTNFRFVSJTI2RWFjdXRlJTNCRSUyMERFJTIwVklFJTNDJTJGdGQlM0UlMEElM0MlMkZ0ciUzRSUwQSUzQ3RyJTNFJTBBJTNDdGQlM0V2aWV3ZWRfY29va2llX3BvbGljeSUzQyUyRnRkJTNFJTBBJTNDdGQlM0UxJTIwYW4lMkMlMjByZXRpZW50JTIwbGUlMjBjaG9peCUyMGRlJTIwbCVFMiU4MCU5OXV0aWxpc2F0ZXVyJTIwZXQlMjBwZXJtZXQlMjBkZSUyMG5lJTIwcGFzJTIwbHVpJTIwciVDMyVBOWFmZmljaGVyJTIwbGElMjBiYW5uZXIlMjBxdSVFMiU4MCU5OWlsJTIwYSUyMGQlQzMlQTlqJUMzJUEwJTIwYWNjZXB0JUMzJUE5JTNDJTJGdGQlM0UlMEElM0MlMkZ0ciUzRSUwQSUzQyUyRnRib2R5JTNFJTBBJTNDJTJGdGFibGUlM0U=[\/vc_raw_html]<div id=\"ultimate-heading-6769ea235eeb74f\" class=\"uvc-heading ult-adjust-bottom-margin ultimate-heading-6769ea235eeb74f uvc-3015  uvc-heading-default-font-sizes\" data-hspacer=\"no_spacer\"  data-halign=\"left\" style=\"text-align:left\"><div class=\"uvc-heading-spacer no_spacer\" style=\"top\"><\/div><div class=\"uvc-main-heading ult-responsive\"  data-ultimate-target='.uvc-heading.ultimate-heading-6769ea235eeb74f h5'  data-responsive-json-new='{\"font-size\":\"\",\"line-height\":\"\"}' ><h5 style=\"--font-weight:theme;color:#752864;margin-bottom:10px;\">Verarbeitung in Verbindung mit dem Kontaktformular der Seite<\/h5><\/div><\/div>[vc_column_text]Die Informationen, die in dem Kontaktformular der Seite erfasst werden, werden vom Verk\u00e9iersverbond verarbeitet, damit die Anfrage des Nutzers erfolgreich durchgef\u00fchrt und bearbeitet werden kann.<\/p>\n<p>Durch das Ausf\u00fcllen des Formulars erkl\u00e4rt sich der Nutzer damit einverstanden, dass seine pers\u00f6nlichen Daten im Rahmen seiner Anfrage verarbeitet werden. Diese Informationen werden vom Verk\u00e9iersverbond f\u00fcr die Dauer aufbewahrt, die zur Bearbeitung der Anfrage erforderlich ist.[\/vc_column_text][\/vc_column_inner][\/vc_row_inner]<div id=\"ultimate-heading-783169ea235eeb79e\" class=\"uvc-heading ult-adjust-bottom-margin ultimate-heading-783169ea235eeb79e uvc-8920  uvc-heading-default-font-sizes\" data-hspacer=\"no_spacer\"  data-halign=\"left\" style=\"text-align:left\"><div class=\"uvc-heading-spacer no_spacer\" style=\"top\"><\/div><div class=\"uvc-main-heading ult-responsive\"  data-ultimate-target='.uvc-heading.ultimate-heading-783169ea235eeb79e h3'  data-responsive-json-new='{\"font-size\":\"\",\"line-height\":\"\"}' ><h3 style=\"--font-weight:theme;color:#752864;margin-bottom:10px;\">\u00c4nderung der Seite<\/h3><\/div><\/div>[vc_row_inner][vc_column_inner width=&#8220;1\/2&#8243;][vc_column_text]Es steht dem Verk\u00e9iersverbond frei, die Seite aus Gr\u00fcnden im Zusammenhang mit der Wartung, der Aktualisierung oder aus anderen als erforderlich erachteten Gr\u00fcnden ohne vorherige Ank\u00fcndigung weiterzuentwickeln, zu \u00e4ndern oder auszusetzen.[\/vc_column_text][\/vc_column_inner][vc_column_inner width=&#8220;1\/2&#8243;][vc_column_text]Insbesondere kann der Verk\u00e9iersverbond alle oder einen Teil der Informationen und Dienste, die auf der Seite enthalten oder angeboten werden, jederzeit zur\u00fccknehmen, neu hinzuf\u00fcgen, erg\u00e4nzen oder pr\u00e4zisieren.[\/vc_column_text][\/vc_column_inner][\/vc_row_inner]<div id=\"ultimate-heading-649069ea235eeb7e9\" class=\"uvc-heading ult-adjust-bottom-margin ultimate-heading-649069ea235eeb7e9 uvc-6036  uvc-heading-default-font-sizes\" data-hspacer=\"no_spacer\"  data-halign=\"left\" style=\"text-align:left\"><div class=\"uvc-heading-spacer no_spacer\" style=\"top\"><\/div><div class=\"uvc-main-heading ult-responsive\"  data-ultimate-target='.uvc-heading.ultimate-heading-649069ea235eeb7e9 h3'  data-responsive-json-new='{\"font-size\":\"\",\"line-height\":\"\"}' ><h3 style=\"--font-weight:theme;color:#752864;margin-bottom:10px;\">Links und verlinkte Seiten<\/h3><\/div><\/div>[vc_row_inner][vc_column_inner width=&#8220;1\/2&#8243;][vc_column_text]Zur Unterst\u00fctzung der Nutzer kann diese Seite Links zu anderen Seiten enthalten, die n\u00fctzlich f\u00fcr sie sein oder sie interessieren k\u00f6nnten. Es erfolgt keine systematische \u00dcberpr\u00fcfung der Inhalte dieser Seiten durch den Verk\u00e9iersverbond.[\/vc_column_text][\/vc_column_inner][vc_column_inner width=&#8220;1\/2&#8243;][vc_column_text]Daher kann er f\u00fcr die auf diesen Internetseiten dargestellten Inhalte nicht haftbar gemacht werden, weder hinsichtlich ihrer Rechtm\u00e4\u00dfigkeit noch hinsichtlich der Richtigkeit der dort zu findenden Informationen.[\/vc_column_text][\/vc_column_inner][\/vc_row_inner]<div id=\"ultimate-heading-609169ea235eeb84b\" class=\"uvc-heading ult-adjust-bottom-margin ultimate-heading-609169ea235eeb84b uvc-1157  uvc-heading-default-font-sizes\" data-hspacer=\"no_spacer\"  data-halign=\"left\" style=\"text-align:left\"><div class=\"uvc-heading-spacer no_spacer\" style=\"top\"><\/div><div class=\"uvc-main-heading ult-responsive\"  data-ultimate-target='.uvc-heading.ultimate-heading-609169ea235eeb84b h3'  data-responsive-json-new='{\"font-size\":\"\",\"line-height\":\"\"}' ><h3 style=\"--font-weight:theme;color:#752864;margin-bottom:10px;\">Geistiges Eigentum (Copyright)<\/h3><\/div><\/div>[vc_row_inner][vc_column_inner width=&#8220;1\/2&#8243;][vc_column_text]Diese Seite, alle ihre Bestandteile (einschlie\u00dflich des Layouts) sowie die Informationen sind durch die Gesetze \u00fcber das geistige Eigentum und die Urheberrechte gesch\u00fctzt.<\/p>\n<p>Sofern nicht anders angegeben, erteilt der Verk\u00e9iersverbond keine Lizenz oder Berechtigung betreffend die Rechte des geistigen Eigentums, \u00fcber die er f\u00fcr diese Seite und ihre Bestandteile verf\u00fcgt. Sofern nicht anders angegeben, ist der Nutzer berechtigt, die verf\u00fcgbaren Dokumente und Informationen einzusehen, herunterzuladen und auszudrucken, wobei folgende Bedingungen gelten:<\/p>\n<ul>\n<li>Die Dokumente und Informationen d\u00fcrfen in keiner Weise ver\u00e4ndert werden;<\/li>\n<li>Die Dokumente und Informationen d\u00fcrfen nicht au\u00dferhalb dieser Seite verbreitet werden.<\/li>\n<\/ul>\n<p>[\/vc_column_text][\/vc_column_inner][vc_column_inner width=&#8220;1\/2&#8243;][vc_column_text]Die Rechte, die Ihnen oben implizit oder explizit gew\u00e4hrt werden, sind eine Berechtigung zur Nutzung und in keinem Fall eine Abtretung von Eigentum oder sonstigen Rechten in Verbindung mit dieser Seite.[\/vc_column_text][\/vc_column_inner][\/vc_row_inner]<div id=\"ultimate-heading-799469ea235eeb895\" class=\"uvc-heading ult-adjust-bottom-margin ultimate-heading-799469ea235eeb895 uvc-5197  uvc-heading-default-font-sizes\" data-hspacer=\"no_spacer\"  data-halign=\"left\" style=\"text-align:left\"><div class=\"uvc-heading-spacer no_spacer\" style=\"top\"><\/div><div class=\"uvc-main-heading ult-responsive\"  data-ultimate-target='.uvc-heading.ultimate-heading-799469ea235eeb895 h3'  data-responsive-json-new='{\"font-size\":\"\",\"line-height\":\"\"}' ><h3 style=\"--font-weight:theme;color:#752864;margin-bottom:10px;\">Anwendbares Recht<\/h3><\/div><\/div>[vc_column_text]Alle Streitigkeiten im Zusammenhang mit der Nutzung dieser Seite und ihrer Leistungen unterliegen dem luxemburgischen Recht und der ausschlie\u00dflichen Zust\u00e4ndigkeit der Gerichte des Gro\u00dfherzogtums Luxemburg.[\/vc_column_text]<div id=\"ultimate-heading-339169ea235eeb8de\" class=\"uvc-heading ult-adjust-bottom-margin ultimate-heading-339169ea235eeb8de uvc-9445  uvc-heading-default-font-sizes\" data-hspacer=\"no_spacer\"  data-halign=\"left\" style=\"text-align:left\"><div class=\"uvc-heading-spacer no_spacer\" style=\"top\"><\/div><div class=\"uvc-main-heading ult-responsive\"  data-ultimate-target='.uvc-heading.ultimate-heading-339169ea235eeb8de h3'  data-responsive-json-new='{\"font-size\":\"\",\"line-height\":\"\"}' ><h3 style=\"--font-weight:theme;color:#752864;margin-bottom:10px;\">Rechte des Nutzers<\/h3><\/div><\/div>[vc_row_inner][vc_column_inner width=&#8220;1\/2&#8243;][vc_column_text]Conform\u00e9ment au R\u00e8glement europ\u00e9en (UE) 2016\/679\/\/RGPD, l\u2019utilisateur dispose des droits reconnus aux personnes concern\u00e9es sur le<\/p>\n<p>Gem\u00e4\u00df der europ\u00e4ischen Verordnung\u00a0(EU)\u00a02016\/679 (DSGVO) verf\u00fcgt der Nutzer hinsichtlich der Verarbeitung privater Daten \u00fcber die Rechte, die f\u00fcr von einer Verarbeitung betroffene Personen gelten. Zur Aus\u00fcbung dieser Rechte muss er sich an den Kontakt wenden, der f\u00fcr das Recht auf Datenschutz verantwortlich ist:<\/p>\n<p><a href=\"mailto:dpo@verkeiersverbond.lu\">dpo@verkeiersverbond.lu<\/a><br \/>\nD\u00e9l\u00e9gu\u00e9 \u00e0 la protection des donn\u00e9es (Datenschutzbeauftragter)<br \/>\nB.P. 640 L-2016 Luxembourg<\/p>\n<p>Der Nutzer hat das Recht:<\/p>\n<ul>\n<li>auf Auskunft und Zugang zu seinen personenbezogenen Daten<\/li>\n<li>auf Berichtigung und L\u00f6schung seiner personenbezogenen Daten<\/li>\n<\/ul>\n<p>[\/vc_column_text][\/vc_column_inner][vc_column_inner width=&#8220;1\/2&#8243;][vc_column_text]<\/p>\n<ul>\n<li>auf Einspruch gegen Praktiken der Direktwerbung<\/li>\n<li>auf Einspruch gegen automatisierte Entscheidungsfindung und Profiling<\/li>\n<li>auf \u00dcbertragbarkeit seiner personenbezogenen Daten<\/li>\n<li>auf Berichtigung, L\u00f6schung, Einschr\u00e4nkung, Widerspruch gegen die Verarbeitung sowie Vergessenwerden dieser personenbezogenen Daten<\/li>\n<li>seine Einwilligung zur Verarbeitung seiner personenbezogenen Daten zu widerrufen<\/li>\n<li>eine Beschwerde\/Reklamation an die Regulierungs- und Aufsichtsbeh\u00f6rde, die Nationale Kommission f\u00fcr den Datenschutz (Commission nationale pour la protection des donn\u00e9es \u2013 CNPD), zu richten.<\/li>\n<\/ul>\n<p>[\/vc_column_text][\/vc_column_inner][\/vc_row_inner][vc_separator color=&#8220;custom&#8220; accent_color=&#8220;#752864&#8243;][\/vc_column][\/vc_row]<\/p>\n<\/div>","protected":false},"excerpt":{"rendered":"<p>[vc_row][vc_column][vc_empty_space height=&#8220;20px&#8220;][vc_row_inner][vc_column_inner width=&#8220;1\/2&#8243;][vc_column_text]Es gilt, dass jede Person, die die Informationen, Dokumente, Produkte, Programme und verschiedenen Dienste, die auf dieser Seite bereitgestellt werden, nutzt, alle Bedingungen und Hinweise dieser allgemeinen Nutzungsbedingungen zur Kenntnis genommen und ihnen zugestimmt hat. Diese allgemeinen Nutzungsbedingungen k\u00f6nnen entsprechend den \u00c4nderungen an dieser Seite, der Entwicklung der Gesetzgebung oder aus jedem anderen&hellip;<\/p>\n","protected":false},"author":1,"featured_media":0,"parent":0,"menu_order":0,"comment_status":"closed","ping_status":"closed","template":"template-page-mconcept.php","meta":{"_acf_changed":false,"inline_featured_image":false,"footnotes":""},"class_list":["post-809","page","type-page","status-publish","hentry","description-off"],"acf":[],"yoast_head":"<!-- This site is optimized with the Yoast SEO plugin v27.0 - https:\/\/yoast.com\/product\/yoast-seo-wordpress\/ -->\n<title>Rechtliche Hinweise - mConcept<\/title>\n<meta name=\"robots\" content=\"index, follow, max-snippet:-1, max-image-preview:large, max-video-preview:-1\" \/>\n<link rel=\"canonical\" href=\"https:\/\/mconcept.lu\/de\/rechtliche-hinweise\/\" \/>\n<meta property=\"og:locale\" content=\"de_DE\" \/>\n<meta property=\"og:type\" content=\"article\" \/>\n<meta property=\"og:title\" content=\"Rechtliche Hinweise - mConcept\" \/>\n<meta property=\"og:description\" content=\"[vc_row][vc_column][vc_empty_space height=&#8220;20px&#8220;][vc_row_inner][vc_column_inner width=&#8220;1\/2&#8243;][vc_column_text]Es gilt, dass jede Person, die die Informationen, Dokumente, Produkte, Programme und verschiedenen Dienste, die auf dieser Seite bereitgestellt werden, nutzt, alle Bedingungen und Hinweise dieser allgemeinen Nutzungsbedingungen zur Kenntnis genommen und ihnen zugestimmt hat. Diese allgemeinen Nutzungsbedingungen k\u00f6nnen entsprechend den \u00c4nderungen an dieser Seite, der Entwicklung der Gesetzgebung oder aus jedem anderen&hellip;\" \/>\n<meta property=\"og:url\" content=\"https:\/\/mconcept.lu\/de\/rechtliche-hinweise\/\" \/>\n<meta property=\"og:site_name\" content=\"mConcept\" \/>\n<meta property=\"article:modified_time\" content=\"2020-11-17T09:04:02+00:00\" \/>\n<meta name=\"twitter:card\" content=\"summary_large_image\" \/>\n<meta name=\"twitter:label1\" content=\"Gesch\u00e4tzte Lesezeit\" \/>\n\t<meta name=\"twitter:data1\" content=\"9\u00a0Minuten\" \/>\n<script type=\"application\/ld+json\" class=\"yoast-schema-graph\">{\"@context\":\"https:\/\/schema.org\",\"@graph\":[{\"@type\":\"WebPage\",\"@id\":\"https:\/\/mconcept.lu\/de\/rechtliche-hinweise\/\",\"url\":\"https:\/\/mconcept.lu\/de\/rechtliche-hinweise\/\",\"name\":\"Rechtliche Hinweise - mConcept\",\"isPartOf\":{\"@id\":\"https:\/\/mconcept.lu\/de\/#website\"},\"datePublished\":\"2020-07-21T11:38:07+00:00\",\"dateModified\":\"2020-11-17T09:04:02+00:00\",\"breadcrumb\":{\"@id\":\"https:\/\/mconcept.lu\/de\/rechtliche-hinweise\/#breadcrumb\"},\"inLanguage\":\"de\",\"potentialAction\":[{\"@type\":\"ReadAction\",\"target\":[\"https:\/\/mconcept.lu\/de\/rechtliche-hinweise\/\"]}]},{\"@type\":\"BreadcrumbList\",\"@id\":\"https:\/\/mconcept.lu\/de\/rechtliche-hinweise\/#breadcrumb\",\"itemListElement\":[{\"@type\":\"ListItem\",\"position\":1,\"name\":\"Home\",\"item\":\"https:\/\/mconcept.lu\/de\/\"},{\"@type\":\"ListItem\",\"position\":2,\"name\":\"Rechtliche Hinweise\"}]},{\"@type\":\"WebSite\",\"@id\":\"https:\/\/mconcept.lu\/de\/#website\",\"url\":\"https:\/\/mconcept.lu\/de\/\",\"name\":\"mConcept\",\"description\":\"Am\u00e9liorez les trajets de vos employ\u00e9s et r\u00e9coltez-en les fruits !\",\"potentialAction\":[{\"@type\":\"SearchAction\",\"target\":{\"@type\":\"EntryPoint\",\"urlTemplate\":\"https:\/\/mconcept.lu\/de\/?s={search_term_string}\"},\"query-input\":{\"@type\":\"PropertyValueSpecification\",\"valueRequired\":true,\"valueName\":\"search_term_string\"}}],\"inLanguage\":\"de\"}]}<\/script>\n<!-- \/ Yoast SEO plugin. -->","yoast_head_json":{"title":"Rechtliche Hinweise - mConcept","robots":{"index":"index","follow":"follow","max-snippet":"max-snippet:-1","max-image-preview":"max-image-preview:large","max-video-preview":"max-video-preview:-1"},"canonical":"https:\/\/mconcept.lu\/de\/rechtliche-hinweise\/","og_locale":"de_DE","og_type":"article","og_title":"Rechtliche Hinweise - mConcept","og_description":"[vc_row][vc_column][vc_empty_space height=&#8220;20px&#8220;][vc_row_inner][vc_column_inner width=&#8220;1\/2&#8243;][vc_column_text]Es gilt, dass jede Person, die die Informationen, Dokumente, Produkte, Programme und verschiedenen Dienste, die auf dieser Seite bereitgestellt werden, nutzt, alle Bedingungen und Hinweise dieser allgemeinen Nutzungsbedingungen zur Kenntnis genommen und ihnen zugestimmt hat. Diese allgemeinen Nutzungsbedingungen k\u00f6nnen entsprechend den \u00c4nderungen an dieser Seite, der Entwicklung der Gesetzgebung oder aus jedem anderen&hellip;","og_url":"https:\/\/mconcept.lu\/de\/rechtliche-hinweise\/","og_site_name":"mConcept","article_modified_time":"2020-11-17T09:04:02+00:00","twitter_card":"summary_large_image","twitter_misc":{"Gesch\u00e4tzte Lesezeit":"9\u00a0Minuten"},"schema":{"@context":"https:\/\/schema.org","@graph":[{"@type":"WebPage","@id":"https:\/\/mconcept.lu\/de\/rechtliche-hinweise\/","url":"https:\/\/mconcept.lu\/de\/rechtliche-hinweise\/","name":"Rechtliche Hinweise - mConcept","isPartOf":{"@id":"https:\/\/mconcept.lu\/de\/#website"},"datePublished":"2020-07-21T11:38:07+00:00","dateModified":"2020-11-17T09:04:02+00:00","breadcrumb":{"@id":"https:\/\/mconcept.lu\/de\/rechtliche-hinweise\/#breadcrumb"},"inLanguage":"de","potentialAction":[{"@type":"ReadAction","target":["https:\/\/mconcept.lu\/de\/rechtliche-hinweise\/"]}]},{"@type":"BreadcrumbList","@id":"https:\/\/mconcept.lu\/de\/rechtliche-hinweise\/#breadcrumb","itemListElement":[{"@type":"ListItem","position":1,"name":"Home","item":"https:\/\/mconcept.lu\/de\/"},{"@type":"ListItem","position":2,"name":"Rechtliche Hinweise"}]},{"@type":"WebSite","@id":"https:\/\/mconcept.lu\/de\/#website","url":"https:\/\/mconcept.lu\/de\/","name":"mConcept","description":"Am\u00e9liorez les trajets de vos employ\u00e9s et r\u00e9coltez-en les fruits !","potentialAction":[{"@type":"SearchAction","target":{"@type":"EntryPoint","urlTemplate":"https:\/\/mconcept.lu\/de\/?s={search_term_string}"},"query-input":{"@type":"PropertyValueSpecification","valueRequired":true,"valueName":"search_term_string"}}],"inLanguage":"de"}]}},"_links":{"self":[{"href":"https:\/\/mconcept.lu\/de\/wp-json\/wp\/v2\/pages\/809","targetHints":{"allow":["GET"]}}],"collection":[{"href":"https:\/\/mconcept.lu\/de\/wp-json\/wp\/v2\/pages"}],"about":[{"href":"https:\/\/mconcept.lu\/de\/wp-json\/wp\/v2\/types\/page"}],"author":[{"embeddable":true,"href":"https:\/\/mconcept.lu\/de\/wp-json\/wp\/v2\/users\/1"}],"replies":[{"embeddable":true,"href":"https:\/\/mconcept.lu\/de\/wp-json\/wp\/v2\/comments?post=809"}],"version-history":[{"count":3,"href":"https:\/\/mconcept.lu\/de\/wp-json\/wp\/v2\/pages\/809\/revisions"}],"predecessor-version":[{"id":878,"href":"https:\/\/mconcept.lu\/de\/wp-json\/wp\/v2\/pages\/809\/revisions\/878"}],"wp:attachment":[{"href":"https:\/\/mconcept.lu\/de\/wp-json\/wp\/v2\/media?parent=809"}],"curies":[{"name":"wp","href":"https:\/\/api.w.org\/{rel}","templated":true}]}}