{"id":1173,"date":"2021-09-16T10:29:19","date_gmt":"2021-09-16T08:29:19","guid":{"rendered":"https:\/\/mconcept.lu\/plan-du-site\/"},"modified":"2025-04-28T11:59:33","modified_gmt":"2025-04-28T09:59:33","slug":"lageplan","status":"publish","type":"page","link":"https:\/\/mconcept.lu\/de\/lageplan\/","title":{"rendered":"Lageplan"},"content":{"rendered":"<div class=\"wpb-content-wrapper\"><p>[vc_row css=&#8220;.vc_custom_1631780565828{margin-top: 60px !important;margin-bottom: 60px !important;border-bottom-width: 0px !important;padding-top: 0px !important;}&#8220;][vc_column]<div id=\"ultimate-heading-445769de2ff9a50e6\" class=\"uvc-heading ult-adjust-bottom-margin ultimate-heading-445769de2ff9a50e6 uvc-9892  uvc-heading-default-font-sizes\" data-hspacer=\"no_spacer\"  data-halign=\"center\" style=\"text-align:center\"><div class=\"uvc-heading-spacer no_spacer\" style=\"top\"><\/div><div class=\"uvc-main-heading ult-responsive\"  data-ultimate-target='.uvc-heading.ultimate-heading-445769de2ff9a50e6 h1'  data-responsive-json-new='{\"font-size\":\"\",\"line-height\":\"\"}' ><h1 style=\"--font-weight:theme;color:#752864;\">Lageplan<\/h1><\/div><\/div>[\/vc_column][\/vc_row][vc_row][vc_column][vc_column_text css=&#8220;&#8220;]<div class=\"wsp-container\"><h2 class=\"wsp-pages-title\">Seiten<\/h2>\n<ul class=\"wsp-pages-list\">\n<li class=\"page_item page-item-820\"><a href=\"https:\/\/mconcept.lu\/de\/die-loesung-fuer-eine-nachhaltige-mobilitaet\/\">Die L\u00f6sung f\u00fcr eine nachhaltige Mobilit\u00e4t!<\/a><\/li>\n<li class=\"page_item page-item-816\"><a href=\"https:\/\/mconcept.lu\/de\/die-vorteile-des-mobilitaetmanagements\/\">Die Vorteile des Mobilit\u00e4tmanagements<\/a><\/li>\n<li class=\"page_item page-item-794\"><a href=\"https:\/\/mconcept.lu\/de\/entdecken-sie-best-practice\/\">Entdecken Sie Best Practice!<\/a><\/li>\n<li class=\"page_item page-item-790\"><a href=\"https:\/\/mconcept.lu\/de\/entscheiden-sie-sich-fuer-mconcept\/\">Entscheiden Sie sich f\u00fcr mConcept und sorgen Sie ihren Mitarbeitern!<\/a><\/li>\n<li class=\"page_item page-item-1173\"><a href=\"https:\/\/mconcept.lu\/de\/lageplan\/\">Lageplan<\/a><\/li>\n<li class=\"page_item page-item-809\"><a href=\"https:\/\/mconcept.lu\/de\/rechtliche-hinweise\/\">Rechtliche Hinweise<\/a><\/li>\n<li class=\"page_item page-item-801\"><a href=\"https:\/\/mconcept.lu\/de\/\">Verbessern Sie die Fahrten Ihrer Mitarbeiter!<\/a><\/li>\n<li class=\"page_item page-item-805\"><a href=\"https:\/\/mconcept.lu\/de\/wie-wird-ihr-mobilitaetsplan-zum-erfolg\/\">Wie wird Ihr Mobilit\u00e4tsplan zum Erfolg?<\/a><\/li>\n<\/ul>\n<\/div>[\/vc_column_text][\/vc_column][\/vc_row][vc_row][vc_column][vc_empty_space height=&#8220;60px&#8220;][vc_separator color=&#8220;custom&#8220; accent_color=&#8220;#752864&#8243;][\/vc_column][\/vc_row]<\/p>\n<\/div>","protected":false},"excerpt":{"rendered":"<p>[vc_row css=&#8220;.vc_custom_1631780565828{margin-top: 60px !important;margin-bottom: 60px !important;border-bottom-width: 0px !important;padding-top: 0px !important;}&#8220;][vc_column][\/vc_column][\/vc_row][vc_row][vc_column][vc_column_text css=&#8220;&#8220;][\/vc_column_text][\/vc_column][\/vc_row][vc_row][vc_column][vc_empty_space height=&#8220;60px&#8220;][vc_separator color=&#8220;custom&#8220; accent_color=&#8220;#752864&#8243;][\/vc_column][\/vc_row]<\/p>\n","protected":false},"author":1,"featured_media":0,"parent":0,"menu_order":0,"comment_status":"closed","ping_status":"closed","template":"template-page-mconcept.php","meta":{"_acf_changed":false,"inline_featured_image":false,"footnotes":""},"class_list":["post-1173","page","type-page","status-publish","hentry","description-off"],"acf":[],"yoast_head":"<!-- This site is optimized with the Yoast SEO plugin v27.0 - https:\/\/yoast.com\/product\/yoast-seo-wordpress\/ -->\n<title>Lageplan - mConcept<\/title>\n<meta name=\"robots\" content=\"index, follow, max-snippet:-1, max-image-preview:large, max-video-preview:-1\" \/>\n<link rel=\"canonical\" href=\"https:\/\/mconcept.lu\/de\/lageplan\/\" \/>\n<meta property=\"og:locale\" content=\"de_DE\" \/>\n<meta property=\"og:type\" content=\"article\" \/>\n<meta property=\"og:title\" content=\"Lageplan - mConcept\" \/>\n<meta property=\"og:description\" content=\"[vc_row css=&#8220;.vc_custom_1631780565828{margin-top: 60px !important;margin-bottom: 60px !important;border-bottom-width: 0px !important;padding-top: 0px !important;}&#8220;][vc_column][\/vc_column][\/vc_row][vc_row][vc_column][vc_column_text css=&#8220;&#8220;][\/vc_column_text][\/vc_column][\/vc_row][vc_row][vc_column][vc_empty_space height=&#8220;60px&#8220;][vc_separator color=&#8220;custom&#8220; accent_color=&#8220;#752864&#8243;][\/vc_column][\/vc_row]\" \/>\n<meta property=\"og:url\" content=\"https:\/\/mconcept.lu\/de\/lageplan\/\" \/>\n<meta property=\"og:site_name\" content=\"mConcept\" \/>\n<meta property=\"article:modified_time\" content=\"2025-04-28T09:59:33+00:00\" \/>\n<meta name=\"twitter:card\" content=\"summary_large_image\" \/>\n<meta name=\"twitter:label1\" content=\"Gesch\u00e4tzte Lesezeit\" \/>\n\t<meta name=\"twitter:data1\" content=\"1\u00a0Minute\" \/>\n<script type=\"application\/ld+json\" class=\"yoast-schema-graph\">{\"@context\":\"https:\/\/schema.org\",\"@graph\":[{\"@type\":\"WebPage\",\"@id\":\"https:\/\/mconcept.lu\/de\/lageplan\/\",\"url\":\"https:\/\/mconcept.lu\/de\/lageplan\/\",\"name\":\"Lageplan - mConcept\",\"isPartOf\":{\"@id\":\"https:\/\/mconcept.lu\/de\/#website\"},\"datePublished\":\"2021-09-16T08:29:19+00:00\",\"dateModified\":\"2025-04-28T09:59:33+00:00\",\"breadcrumb\":{\"@id\":\"https:\/\/mconcept.lu\/de\/lageplan\/#breadcrumb\"},\"inLanguage\":\"de\",\"potentialAction\":[{\"@type\":\"ReadAction\",\"target\":[\"https:\/\/mconcept.lu\/de\/lageplan\/\"]}]},{\"@type\":\"BreadcrumbList\",\"@id\":\"https:\/\/mconcept.lu\/de\/lageplan\/#breadcrumb\",\"itemListElement\":[{\"@type\":\"ListItem\",\"position\":1,\"name\":\"Home\",\"item\":\"https:\/\/mconcept.lu\/de\/\"},{\"@type\":\"ListItem\",\"position\":2,\"name\":\"Lageplan\"}]},{\"@type\":\"WebSite\",\"@id\":\"https:\/\/mconcept.lu\/de\/#website\",\"url\":\"https:\/\/mconcept.lu\/de\/\",\"name\":\"mConcept\",\"description\":\"Am\u00e9liorez les trajets de vos employ\u00e9s et r\u00e9coltez-en les fruits !\",\"potentialAction\":[{\"@type\":\"SearchAction\",\"target\":{\"@type\":\"EntryPoint\",\"urlTemplate\":\"https:\/\/mconcept.lu\/de\/?s={search_term_string}\"},\"query-input\":{\"@type\":\"PropertyValueSpecification\",\"valueRequired\":true,\"valueName\":\"search_term_string\"}}],\"inLanguage\":\"de\"}]}<\/script>\n<!-- \/ Yoast SEO plugin. -->","yoast_head_json":{"title":"Lageplan - mConcept","robots":{"index":"index","follow":"follow","max-snippet":"max-snippet:-1","max-image-preview":"max-image-preview:large","max-video-preview":"max-video-preview:-1"},"canonical":"https:\/\/mconcept.lu\/de\/lageplan\/","og_locale":"de_DE","og_type":"article","og_title":"Lageplan - mConcept","og_description":"[vc_row css=&#8220;.vc_custom_1631780565828{margin-top: 60px !important;margin-bottom: 60px !important;border-bottom-width: 0px !important;padding-top: 0px !important;}&#8220;][vc_column][\/vc_column][\/vc_row][vc_row][vc_column][vc_column_text css=&#8220;&#8220;][\/vc_column_text][\/vc_column][\/vc_row][vc_row][vc_column][vc_empty_space height=&#8220;60px&#8220;][vc_separator color=&#8220;custom&#8220; accent_color=&#8220;#752864&#8243;][\/vc_column][\/vc_row]","og_url":"https:\/\/mconcept.lu\/de\/lageplan\/","og_site_name":"mConcept","article_modified_time":"2025-04-28T09:59:33+00:00","twitter_card":"summary_large_image","twitter_misc":{"Gesch\u00e4tzte Lesezeit":"1\u00a0Minute"},"schema":{"@context":"https:\/\/schema.org","@graph":[{"@type":"WebPage","@id":"https:\/\/mconcept.lu\/de\/lageplan\/","url":"https:\/\/mconcept.lu\/de\/lageplan\/","name":"Lageplan - mConcept","isPartOf":{"@id":"https:\/\/mconcept.lu\/de\/#website"},"datePublished":"2021-09-16T08:29:19+00:00","dateModified":"2025-04-28T09:59:33+00:00","breadcrumb":{"@id":"https:\/\/mconcept.lu\/de\/lageplan\/#breadcrumb"},"inLanguage":"de","potentialAction":[{"@type":"ReadAction","target":["https:\/\/mconcept.lu\/de\/lageplan\/"]}]},{"@type":"BreadcrumbList","@id":"https:\/\/mconcept.lu\/de\/lageplan\/#breadcrumb","itemListElement":[{"@type":"ListItem","position":1,"name":"Home","item":"https:\/\/mconcept.lu\/de\/"},{"@type":"ListItem","position":2,"name":"Lageplan"}]},{"@type":"WebSite","@id":"https:\/\/mconcept.lu\/de\/#website","url":"https:\/\/mconcept.lu\/de\/","name":"mConcept","description":"Am\u00e9liorez les trajets de vos employ\u00e9s et r\u00e9coltez-en les fruits !","potentialAction":[{"@type":"SearchAction","target":{"@type":"EntryPoint","urlTemplate":"https:\/\/mconcept.lu\/de\/?s={search_term_string}"},"query-input":{"@type":"PropertyValueSpecification","valueRequired":true,"valueName":"search_term_string"}}],"inLanguage":"de"}]}},"_links":{"self":[{"href":"https:\/\/mconcept.lu\/de\/wp-json\/wp\/v2\/pages\/1173","targetHints":{"allow":["GET"]}}],"collection":[{"href":"https:\/\/mconcept.lu\/de\/wp-json\/wp\/v2\/pages"}],"about":[{"href":"https:\/\/mconcept.lu\/de\/wp-json\/wp\/v2\/types\/page"}],"author":[{"embeddable":true,"href":"https:\/\/mconcept.lu\/de\/wp-json\/wp\/v2\/users\/1"}],"replies":[{"embeddable":true,"href":"https:\/\/mconcept.lu\/de\/wp-json\/wp\/v2\/comments?post=1173"}],"version-history":[{"count":4,"href":"https:\/\/mconcept.lu\/de\/wp-json\/wp\/v2\/pages\/1173\/revisions"}],"predecessor-version":[{"id":1272,"href":"https:\/\/mconcept.lu\/de\/wp-json\/wp\/v2\/pages\/1173\/revisions\/1272"}],"wp:attachment":[{"href":"https:\/\/mconcept.lu\/de\/wp-json\/wp\/v2\/media?parent=1173"}],"curies":[{"name":"wp","href":"https:\/\/api.w.org\/{rel}","templated":true}]}}